{"id":13687,"date":"2014-03-25T10:53:32","date_gmt":"2014-03-25T10:53:32","guid":{"rendered":"http:\/\/demo.qodeinteractive.com\/bridge\/?page_id=13687"},"modified":"2014-03-25T10:53:32","modified_gmt":"2014-03-25T10:53:32","slug":"latest-posts-boxes","status":"publish","type":"page","link":"https:\/\/alberto-gil.com\/?page_id=13687","title":{"rendered":"Latest Posts Boxes"},"content":{"rendered":"<p>[vc_row row_type=\u00bbrow\u00bb type=\u00bbgrid\u00bb text_align=\u00bbleft\u00bb padding_top=\u00bb87&#8243; padding_bottom=\u00bb30&#8243;][vc_column width=\u00bb1\/1&#8243;][vc_column_text]<\/p>\n<h2 style=\"text-align: center;\">Latest Posts Shortcode<\/h2>\n<p>[\/vc_column_text][vc_separator type=\u00bbsmall\u00bb position=\u00bbcenter\u00bb down=\u00bb38&#8243; up=\u00bb7&#8243;][vc_column_text]<\/p>\n<h4 style=\"text-align: center;\">Carefully crafted elements come together into one amazing design.<\/h4>\n<p>[\/vc_column_text][vc_separator type=\u00bbtransparent\u00bb position=\u00bbcenter\u00bb up=\u00bb62&#8243; down=\u00bb15&#8243;][vc_row_inner][vc_column_inner width=\u00bb1\/1&#8243;]\n<div class='latest_post_holder boxes four_columns one_row' >\n    <ul>\n    \n        <li class=\"clearfix\">\n            <div class=\"boxes_image\">\n                                <a itemprop=\"url\" href=\"https:\/\/alberto-gil.com\/?p=15082\"><\/a>\n            <\/div>\n            <div class=\"latest_post\"  >\n                <div class=\"latest_post_text\">\n                    <div class=\"latest_post_inner\">\n                        <div class=\"latest_post_text_inner\">\n                            <h5 itemprop=\"name\" class=\"latest_post_title entry_title\"><a itemprop=\"url\" href=\"https:\/\/alberto-gil.com\/?p=15082\">5.- Ahora si&#8230;<\/a><\/h5>\n                            <p class=\"excerpt\">John Kabat-Zinn es el precursor del Mindfullnes en occidente y el pionero en investigar sus efectos en el estr\u00e9s y la an...<\/p>\n                            <span class=\"post_infos\">\n                                                                    <span class=\"date_hour_holder\">\n                                        <span itemprop=\"dateCreated\" class=\"date entry_date updated\">29 marzo, 2021 <meta itemprop=\"interactionCount\" content=\"UserComments: 0\"\/><\/span>\n                                    <\/span>\n                                                                                                                                                                            <span class=\"dots\"><i class=\"fa fa-square\"><\/i><\/span>\n                                                                        <a itemprop=\"url\" class=\"post_comments\" href=\"https:\/\/alberto-gil.com\/?p=15082#respond\">No comment<\/a>\n                                \n                                \n                                                            <\/span>\n                        <\/div>\n                    <\/div>\n                <\/div>\n            <\/div>\n        <\/li>\n    \n        <li class=\"clearfix\">\n            <div class=\"boxes_image\">\n                                <a itemprop=\"url\" href=\"https:\/\/alberto-gil.com\/?p=15026\"><\/a>\n            <\/div>\n            <div class=\"latest_post\"  >\n                <div class=\"latest_post_text\">\n                    <div class=\"latest_post_inner\">\n                        <div class=\"latest_post_text_inner\">\n                            <h5 itemprop=\"name\" class=\"latest_post_title entry_title\"><a itemprop=\"url\" href=\"https:\/\/alberto-gil.com\/?p=15026\">4.- Que hago con la mente<\/a><\/h5>\n                            <p class=\"excerpt\">Es la pregunta del mill\u00f3n, pero no te preocupes, no conozco a nadie que medita de forma habitual que no me diga que se s...<\/p>\n                            <span class=\"post_infos\">\n                                                                    <span class=\"date_hour_holder\">\n                                        <span itemprop=\"dateCreated\" class=\"date entry_date updated\">29 marzo, 2021 <meta itemprop=\"interactionCount\" content=\"UserComments: 0\"\/><\/span>\n                                    <\/span>\n                                                                                                                                                                            <span class=\"dots\"><i class=\"fa fa-square\"><\/i><\/span>\n                                                                        <a itemprop=\"url\" class=\"post_comments\" href=\"https:\/\/alberto-gil.com\/?p=15026#respond\">No comment<\/a>\n                                \n                                \n                                                            <\/span>\n                        <\/div>\n                    <\/div>\n                <\/div>\n            <\/div>\n        <\/li>\n    \n        <li class=\"clearfix\">\n            <div class=\"boxes_image\">\n                                <a itemprop=\"url\" href=\"https:\/\/alberto-gil.com\/?p=15022\"><\/a>\n            <\/div>\n            <div class=\"latest_post\"  >\n                <div class=\"latest_post_text\">\n                    <div class=\"latest_post_inner\">\n                        <div class=\"latest_post_text_inner\">\n                            <h5 itemprop=\"name\" class=\"latest_post_title entry_title\"><a itemprop=\"url\" href=\"https:\/\/alberto-gil.com\/?p=15022\">3.- Mi primera clase<\/a><\/h5>\n                            <p class=\"excerpt\">Por regla general siento decirte que la primera clase no suele ser el mejor d\u00eda de los que vas asistir, sobre todo por l...<\/p>\n                            <span class=\"post_infos\">\n                                                                    <span class=\"date_hour_holder\">\n                                        <span itemprop=\"dateCreated\" class=\"date entry_date updated\">24 marzo, 2021 <meta itemprop=\"interactionCount\" content=\"UserComments: 0\"\/><\/span>\n                                    <\/span>\n                                                                                                                                                                            <span class=\"dots\"><i class=\"fa fa-square\"><\/i><\/span>\n                                                                        <a itemprop=\"url\" class=\"post_comments\" href=\"https:\/\/alberto-gil.com\/?p=15022#respond\">No comment<\/a>\n                                \n                                \n                                                            <\/span>\n                        <\/div>\n                    <\/div>\n                <\/div>\n            <\/div>\n        <\/li>\n    \n        <li class=\"clearfix\">\n            <div class=\"boxes_image\">\n                                <a itemprop=\"url\" href=\"https:\/\/alberto-gil.com\/?p=15018\"><\/a>\n            <\/div>\n            <div class=\"latest_post\"  >\n                <div class=\"latest_post_text\">\n                    <div class=\"latest_post_inner\">\n                        <div class=\"latest_post_text_inner\">\n                            <h5 itemprop=\"name\" class=\"latest_post_title entry_title\"><a itemprop=\"url\" href=\"https:\/\/alberto-gil.com\/?p=15018\">2.- \u00bfQue estoy buscando?<\/a><\/h5>\n                            <p class=\"excerpt\">Normalmente me gusta preguntar que es lo que est\u00e1s buscando y esperando en el Yoga. Si, ya se que estas pensando que nun...<\/p>\n                            <span class=\"post_infos\">\n                                                                    <span class=\"date_hour_holder\">\n                                        <span itemprop=\"dateCreated\" class=\"date entry_date updated\">22 marzo, 2021 <meta itemprop=\"interactionCount\" content=\"UserComments: 0\"\/><\/span>\n                                    <\/span>\n                                                                                                                                                                            <span class=\"dots\"><i class=\"fa fa-square\"><\/i><\/span>\n                                                                        <a itemprop=\"url\" class=\"post_comments\" href=\"https:\/\/alberto-gil.com\/?p=15018#respond\">No comment<\/a>\n                                \n                                \n                                                            <\/span>\n                        <\/div>\n                    <\/div>\n                <\/div>\n            <\/div>\n        <\/li>\n        <\/ul>\n<\/div>[vc_separator type=\u00bbtransparent\u00bb position=\u00bbcenter\u00bb up=\u00bb52&#8243; down=\u00bb0&#8243;]\n<div class='latest_post_holder boxes three_columns one_row' >\n    <ul>\n    \n        <li class=\"clearfix\">\n            <div class=\"boxes_image\">\n                                <a itemprop=\"url\" href=\"https:\/\/alberto-gil.com\/?p=14963\"><\/a>\n            <\/div>\n            <div class=\"latest_post\"  >\n                <div class=\"latest_post_text\">\n                    <div class=\"latest_post_inner\">\n                        <div class=\"latest_post_text_inner\">\n                            <h5 itemprop=\"name\" class=\"latest_post_title entry_title\"><a itemprop=\"url\" href=\"https:\/\/alberto-gil.com\/?p=14963\">1.- Yoga Tibetano &#8211; Linaje Jamyang Yoga\u00a9<\/a><\/h5>\n                            <p class=\"excerpt\">Bienvenido al Yoga Tibetano linaje Jamyang Yoga\u00a9 Mi nombre es Alberto y antes de comenzar quiero agradecerte el inter\u00e9s que muestras inform\u00e1ndote sobre las clases y el Yoga Tibetano en particular. \u00bfPor qu\u00e9 elegir el Yoga Tibetano? No debemos olvidar que el Yog...<\/p>\n                            <span class=\"post_infos\">\n                                                                    <span class=\"date_hour_holder\">\n                                        <span itemprop=\"dateCreated\" class=\"date entry_date updated\">27 septiembre, 2020 <meta itemprop=\"interactionCount\" content=\"UserComments: 0\"\/><\/span>\n                                    <\/span>\n                                                                                                                                                                            <span class=\"dots\"><i class=\"fa fa-square\"><\/i><\/span>\n                                                                        <a itemprop=\"url\" class=\"post_comments\" href=\"https:\/\/alberto-gil.com\/?p=14963#respond\">No comment<\/a>\n                                \n                                \n                                                            <\/span>\n                        <\/div>\n                    <\/div>\n                <\/div>\n            <\/div>\n        <\/li>\n    \n        <li class=\"clearfix\">\n            <div class=\"boxes_image\">\n                                <a itemprop=\"url\" href=\"https:\/\/alberto-gil.com\/?p=15018\"><\/a>\n            <\/div>\n            <div class=\"latest_post\"  >\n                <div class=\"latest_post_text\">\n                    <div class=\"latest_post_inner\">\n                        <div class=\"latest_post_text_inner\">\n                            <h5 itemprop=\"name\" class=\"latest_post_title entry_title\"><a itemprop=\"url\" href=\"https:\/\/alberto-gil.com\/?p=15018\">2.- \u00bfQue estoy buscando?<\/a><\/h5>\n                            <p class=\"excerpt\">Normalmente me gusta preguntar que es lo que est\u00e1s buscando y esperando en el Yoga. Si, ya se que estas pensando que nunca esperas nada, y es la actitud correcta, a\u00fan as\u00ed, siempre hay un impulso que nos mueve a tomar decisiones y es a......<\/p>\n                            <span class=\"post_infos\">\n                                                                    <span class=\"date_hour_holder\">\n                                        <span itemprop=\"dateCreated\" class=\"date entry_date updated\">22 marzo, 2021 <meta itemprop=\"interactionCount\" content=\"UserComments: 0\"\/><\/span>\n                                    <\/span>\n                                                                                                                                                                            <span class=\"dots\"><i class=\"fa fa-square\"><\/i><\/span>\n                                                                        <a itemprop=\"url\" class=\"post_comments\" href=\"https:\/\/alberto-gil.com\/?p=15018#respond\">No comment<\/a>\n                                \n                                \n                                                            <\/span>\n                        <\/div>\n                    <\/div>\n                <\/div>\n            <\/div>\n        <\/li>\n    \n        <li class=\"clearfix\">\n            <div class=\"boxes_image\">\n                                <a itemprop=\"url\" href=\"https:\/\/alberto-gil.com\/?p=15022\"><\/a>\n            <\/div>\n            <div class=\"latest_post\"  >\n                <div class=\"latest_post_text\">\n                    <div class=\"latest_post_inner\">\n                        <div class=\"latest_post_text_inner\">\n                            <h5 itemprop=\"name\" class=\"latest_post_title entry_title\"><a itemprop=\"url\" href=\"https:\/\/alberto-gil.com\/?p=15022\">3.- Mi primera clase<\/a><\/h5>\n                            <p class=\"excerpt\">Por regla general siento decirte que la primera clase no suele ser el mejor d\u00eda de los que vas asistir, sobre todo por los nervios, aunque muchas veces me encuentro con gente que se sorprende de que se mantuvieron centrados durante toda la clase. No......<\/p>\n                            <span class=\"post_infos\">\n                                                                    <span class=\"date_hour_holder\">\n                                        <span itemprop=\"dateCreated\" class=\"date entry_date updated\">24 marzo, 2021 <meta itemprop=\"interactionCount\" content=\"UserComments: 0\"\/><\/span>\n                                    <\/span>\n                                                                                                                                                                            <span class=\"dots\"><i class=\"fa fa-square\"><\/i><\/span>\n                                                                        <a itemprop=\"url\" class=\"post_comments\" href=\"https:\/\/alberto-gil.com\/?p=15022#respond\">No comment<\/a>\n                                \n                                \n                                                            <\/span>\n                        <\/div>\n                    <\/div>\n                <\/div>\n            <\/div>\n        <\/li>\n        <\/ul>\n<\/div>[vc_separator type=\u00bbtransparent\u00bb position=\u00bbcenter\u00bb up=\u00bb56&#8243; down=\u00bb0&#8243;][\/vc_column_inner][\/vc_row_inner][\/vc_column][\/vc_row]<\/p>\n","protected":false},"excerpt":{"rendered":"<p>[vc_row row_type=\u00bbrow\u00bb type=\u00bbgrid\u00bb text_align=\u00bbleft\u00bb padding_top=\u00bb87&#8243; padding_bottom=\u00bb30&#8243;][vc_column width=\u00bb1\/1&#8243;][vc_column_text] Latest Posts Shortcode [\/vc_column_text][vc_separator type=\u00bbsmall\u00bb position=\u00bbcenter\u00bb down=\u00bb38&#8243; up=\u00bb7&#8243;][vc_column_text] Carefully crafted elements come together into one amazing design. [\/vc_column_text][vc_separator type=\u00bbtransparent\u00bb position=\u00bbcenter\u00bb up=\u00bb62&#8243; down=\u00bb15&#8243;][vc_row_inner][vc_column_inner width=\u00bb1\/1&#8243;][vc_separator type=\u00bbtransparent\u00bb position=\u00bbcenter\u00bb up=\u00bb52&#8243; down=\u00bb0&#8243;][vc_separator type=\u00bbtransparent\u00bb position=\u00bbcenter\u00bb up=\u00bb56&#8243; down=\u00bb0&#8243;][\/vc_column_inner][\/vc_row_inner][\/vc_column][\/vc_row]<\/p>\n","protected":false},"author":3,"featured_media":0,"parent":0,"menu_order":0,"comment_status":"open","ping_status":"open","template":"full_width.php","meta":{"footnotes":""},"class_list":["post-13687","page","type-page","status-publish","hentry"],"aioseo_notices":[],"_links":{"self":[{"href":"https:\/\/alberto-gil.com\/index.php?rest_route=\/wp\/v2\/pages\/13687"}],"collection":[{"href":"https:\/\/alberto-gil.com\/index.php?rest_route=\/wp\/v2\/pages"}],"about":[{"href":"https:\/\/alberto-gil.com\/index.php?rest_route=\/wp\/v2\/types\/page"}],"author":[{"embeddable":true,"href":"https:\/\/alberto-gil.com\/index.php?rest_route=\/wp\/v2\/users\/3"}],"replies":[{"embeddable":true,"href":"https:\/\/alberto-gil.com\/index.php?rest_route=%2Fwp%2Fv2%2Fcomments&post=13687"}],"version-history":[{"count":0,"href":"https:\/\/alberto-gil.com\/index.php?rest_route=\/wp\/v2\/pages\/13687\/revisions"}],"wp:attachment":[{"href":"https:\/\/alberto-gil.com\/index.php?rest_route=%2Fwp%2Fv2%2Fmedia&parent=13687"}],"curies":[{"name":"wp","href":"https:\/\/api.w.org\/{rel}","templated":true}]}}