{"id":15118,"date":"2021-03-22T22:56:39","date_gmt":"2021-03-22T22:56:39","guid":{"rendered":"http:\/\/alberto-gil.com\/?page_id=15118"},"modified":"2021-03-24T00:04:10","modified_gmt":"2021-03-24T00:04:10","slug":"yoga-embarazadas","status":"publish","type":"page","link":"https:\/\/alberto-gil.com\/?page_id=15118","title":{"rendered":"yoga embarazadas"},"content":{"rendered":"\n<p class=\"has-text-align-center has-black-color has-text-color has-normal-font-size\">Clases especialmente dise\u00f1adas a partir de la 16 semana para\u00a0<strong>acompa\u00f1arte durante todo el embarazo<\/strong>, donde preveremos las diferentes molestias y patolog\u00edas que pueden surgir durante el embarazo, al mismo tiempo que favorecemos la relaci\u00f3n y conexi\u00f3n con tu beb\u00e9 desde t\u00e9cnicas de relajaci\u00f3n como el Chi Kung y la Meditaci\u00f3n.<\/p>\n\n\n\n<div style=\"height:11px\" aria-hidden=\"true\" class=\"wp-block-spacer\"><\/div>\n\n\n\n<div class=\"wp-block-image\"><figure class=\"aligncenter size-large\"><img loading=\"lazy\" decoding=\"async\" width=\"226\" height=\"341\" src=\"https:\/\/alberto-gil.com\/wp-content\/uploads\/2021\/03\/Embarazadas.jpg\" alt=\"\" class=\"wp-image-15121\" srcset=\"https:\/\/alberto-gil.com\/wp-content\/uploads\/2021\/03\/Embarazadas.jpg 226w, https:\/\/alberto-gil.com\/wp-content\/uploads\/2021\/03\/Embarazadas-199x300.jpg 199w\" sizes=\"(max-width: 226px) 100vw, 226px\" \/><\/figure><\/div>\n\n\n\n<div style=\"height:25px\" aria-hidden=\"true\" class=\"wp-block-spacer\"><\/div>\n","protected":false},"excerpt":{"rendered":"<p>Clases especialmente dise\u00f1adas a partir de la 16 semana para\u00a0acompa\u00f1arte durante todo el embarazo, donde preveremos las diferentes molestias y patolog\u00edas que pueden surgir durante el embarazo, al mismo tiempo que favorecemos la relaci\u00f3n y conexi\u00f3n con tu beb\u00e9 desde t\u00e9cnicas de relajaci\u00f3n como el&#8230;<\/p>\n","protected":false},"author":3,"featured_media":0,"parent":0,"menu_order":0,"comment_status":"closed","ping_status":"closed","template":"full_width.php","meta":{"footnotes":""},"class_list":["post-15118","page","type-page","status-publish","hentry"],"aioseo_notices":[],"_links":{"self":[{"href":"https:\/\/alberto-gil.com\/index.php?rest_route=\/wp\/v2\/pages\/15118"}],"collection":[{"href":"https:\/\/alberto-gil.com\/index.php?rest_route=\/wp\/v2\/pages"}],"about":[{"href":"https:\/\/alberto-gil.com\/index.php?rest_route=\/wp\/v2\/types\/page"}],"author":[{"embeddable":true,"href":"https:\/\/alberto-gil.com\/index.php?rest_route=\/wp\/v2\/users\/3"}],"replies":[{"embeddable":true,"href":"https:\/\/alberto-gil.com\/index.php?rest_route=%2Fwp%2Fv2%2Fcomments&post=15118"}],"version-history":[{"count":7,"href":"https:\/\/alberto-gil.com\/index.php?rest_route=\/wp\/v2\/pages\/15118\/revisions"}],"predecessor-version":[{"id":15221,"href":"https:\/\/alberto-gil.com\/index.php?rest_route=\/wp\/v2\/pages\/15118\/revisions\/15221"}],"wp:attachment":[{"href":"https:\/\/alberto-gil.com\/index.php?rest_route=%2Fwp%2Fv2%2Fmedia&parent=15118"}],"curies":[{"name":"wp","href":"https:\/\/api.w.org\/{rel}","templated":true}]}}